{"id":866,"date":"2013-01-14T14:36:00","date_gmt":"2013-01-14T14:36:00","guid":{"rendered":"http:\/\/wordpress.test.clarku.edu\/takcam\/?page_id=30"},"modified":"2017-06-09T20:19:46","modified_gmt":"2017-06-09T20:19:46","slug":"articles","status":"publish","type":"page","link":"https:\/\/wordpress.test.clarku.edu\/takcam\/articles\/","title":{"rendered":"Articles"},"content":{"rendered":"<p><a href=\"http:\/\/www.e-ir.info\/2014\/06\/04\/approaching-2015-how-to-assess-erdogans-statement-on-the-armenian-genocide\/\" target=\"_blank\">Approaching 2015: How to Assess Erdo\u011fan\u2019s Statement on the Armenian Genocide?<\/a><\/p>\n<p><a href=\"http:\/\/www.bianet.org\/bianet\/toplum\/58112-ermeni-sorununda-atilmasi-gereken-adimlar\" target=\"_blank\">Birg\u00fcn Gazetesi: T\u00fcrk-Ermeni Diyalo\u011funda At\u0131lmas\u0131 Gereken Ad\u0131mlar:<\/a>&nbsp;Birg\u00fcn gazetesinde 2005 Nisan ay\u0131nda yay\u0131nlanan yaz\u0131 dizisinin tam metni.<\/p>\n<p><a href=\"http:\/\/wordpress.test.clarku.edu\/takcam\/uncategorized\/is-there-any-solution-other-than-a-dialogue\">Is There Any Solution Other Than a Dialogue?<\/a>&nbsp;English translation of a Turkish article published in 2002.<\/p>\n<p><a href=\"http:\/\/wordpress.test.clarku.edu\/takcam\/uncategorized\/die-turkische-leugnung-des-volkermordes-an-den-armeniern-im-europaischen-kontext\/?preview=true&amp;preview_id=241&amp;preview_nonce=ad9646bc5f\">Die t\u00fcrkische Leugnung des V\u00f6lkermordes an den Armeniern im europ\u00e4ischen Kontext<\/a> in Huberta von Voss, ed. Portr\u00e4t einer Hoffnung Die Armenier. Lebensbilder aus aller Welt (Portraits of Hope: The Armenians. Pictures of Lives from all over the world). Berlin: Verlag Hans Schiler, 2004.<\/p>\n<p><em id=\"__mceDel\">&#8220;The Young Turks and the Plans for the Ethnic Homogenization of Anatolia&#8221;, in: &#8220;Borderlands: Peoples, Nations, and Cultures in the Shatterzone of Empires since 1848,&#8221; ed. Omer Bartov and Eric D. Weitz. 2012<\/em><\/p>\n<p>&#8220;The Roundup of Intellectuals and the Beginning of the Armenian Genocide: The Murder of Dr. Rupen Sevag \u00c7ilingiryan&#8221;, <a href=\"http:\/\/hgs.oxfordjournals.org\/\">Holocaust and Genocide Studies<\/a> <a href=\"http:\/\/hgs.oxfordjournals.org\/content\/25\/1.toc\">Volume 25,&nbsp;Issue 1<\/a> Pp.&nbsp;127-143.<\/p>\n<p>&#8220;The Relationship between Historians and Archival Records: A Critique of Single Source Scholarship on the Armenian Genocide&#8221;, Journal of the Society for Armenian Studies, 2011 Spring.<\/p>\n<p>&#8220;Facing History: A Threat to National Security, The Relationship between Turkish and American National Security Concepts and Armenian Genocide&#8221;, in: <em>Armenian Weekly<\/em>, Special Edition, April 2009<\/p>\n<p>&#8220;Denial as a Security Concept&#8221;, <em>Cardoza Journal of Conflict Resolution<\/em>, Volume 10, No: 1, Fall 2008<\/p>\n<p>&#8220;Guenter Lewy and new trends in Genocide Denial&#8221; <em>Genocide Studies And Prevention. An International Journal Official Journal of the International Association of Genocide Scholars<\/em>, 3:1 (2008), pp. 111-145<\/p>\n<p>&#8220;Review of Guenter Lewy, &#8216;The Armenian Massacres in Ottoman Turkey: A Disputed Genocide&#8217;,&#8221; <em>Journal of Genocide Research<\/em>, 9: 1 (2007), pp. 135-41.<\/p>\n<p>&#8220;Deportation and Massacres in the Cipher Telegrams of the Interior Ministry in the Prime Ministerial Archive (Ba\u015fbakanl\u0131k Ar\u015fivi).&#8221;<em>Genocide Studies And Prevention An International Journal Official Journal of the International Association of Genocide Scholars<\/em>, (January 2007): 306-325<\/p>\n<p>&#8221;The Ottoman Documents and the Genocidal Policies of the Committee for Union and Progress (Ittihat ve Terakki) toward the Armenians in 1915.&#8221; <em>Genocide Studies and Prevention<\/em>, no. 2 (September 2006): 127\u2013148<\/p>\n<p>&#8220;G\u00fcnd\u00fcz Aktan ve Soyk\u0131r\u0131mda Saik Meselesi&#8221; [G\u00fcnd\u00fcz Aktan and the Question of Motive in Genocide Definition]. Birikim (Turkish Social Science Journal), 201, January 2006<\/p>\n<p>&#8220;Anatomy of Genocide Denial: Academics, Politicians, and the &#8216;Re-Making&#8217; of History.&#8221; Occasional paper. University of Minnesota Center for Holocaust and Genocide Studies. 2005.<\/p>\n<p>&#8220;Soyk\u0131r\u0131m Su\u00e7unda Kas\u0131t Unsuru Konusunda Baz\u0131 Notlar&#8221; [On Criminal Intent in the Genocide: Some Observations]. Birikim (Turkish Social Science Journal),199,&nbsp;November 2005.<\/p>\n<p>&#8220;Turks and Armenians&#8221; (with Belinda Cooper). <em>World Policy Journal<\/em> 22, no. 3 (Fall 2005).<\/p>\n<p>&#8220;Bir Skandal: T\u00fcrkiye B\u00fcy\u00fck Millet Meclisi&#8217;nin Mektubu ya da \u015e\u00fckr\u00fc Elekda\u011f ve Justin McCarthy bu \u00dclkeyi Nereye S\u00fcr\u00fckl\u00fcyorlar?&#8221; [A Scandal: The Letter of the Turkish Grand National Assembly, or,&nbsp;What Are \u015e\u00fckr\u00fc Elekda\u011f and Justin McCarthy&nbsp;Dragging This Country Into?] <em>Birikim<\/em>, no. 193-4, May 2005.<\/p>\n<p>&#8220;Anatomy of a Crime: The Turkish Historical Society&#8217;s Manipulation of Archival Documents.&#8221; <em>Journal of Genocide Research<\/em> 7, no. 2 (June 2005).<\/p>\n<p>&#8220;Bir Kitap Ya da Bir Cinayetin Anatomisi&#8221; (A Book, or, Anatomy of a Crime). <em>Birikim<\/em> (Turkish Social Science Journal), no. 191 March 2005.<\/p>\n<p>&#8220;Vahakn N. Dadrian: Ermeni Soyk\u0131r\u0131m\u0131nda Kurumsal Roller,&#8221; [The Role of Institutions in the Armenian Genocide]<em>Virg\u00fcl <\/em>(Turkish review of books) 76, September 2004.<\/p>\n<p>&#8220;T\u00fcrkishe Leugnung des V\u00f6lkermordes and den Armeniern im Europ\u00e4ischen Kontext&#8221; (Turkish Denial of Armenian Genocide within European Context) in Huberta von Voss, ed.<em> Portr\u00e4t einer Hoffnung Die Armenier. Lebensbilder aus aller Welt (Portraits of Hope: The Armenians. <\/em><em>Pictures of Lives from all over the world)<\/em>. Berlin: Verlag Hans Schiler, 2004.<\/p>\n<p>&#8220;A New Theoretical Framework for the Analysis of Turkish National Identity: Norbert Elias&#8217;s Approach in Comparative Perspective&#8221; (Norbert Elias&#8217;\u0131n &#8220;Almanlar \u00dczerine \u00c7al\u0131\u015fmalar&#8221;\u0131n\u0131n T\u00fcrk Ulusal Karakterini Anlamak i\u00e7in Sundu\u011fu \u0130mkanlar). <em>Toplum ve Bilim<\/em> (Science and Society): Spring 2000.<\/p>\n<p>&#8220;Secularism in the Turkish Nation-Building Process&#8221; (Der t\u00fcrkische Nationalisierungsprozess und der Laizismus). In <em>Core and Periphery: Turkish Religious Minorities in Germany <\/em>(Kern und Rand, Religi\u00f6se Minderheiten aus der T\u00fcrkei in Deutschland), ed. Gerdien Jonker. Berlin: Berliner Verlag, 1999 (in German).<\/p>\n<p>&#8220;Sanctioned Historical Themes in Turkey&#8221; (Zur Tabuisierung geschichtlicher Themen in der T\u00fcrkei). In <em>The Republic of Armenia and Switzerland 1896\u20131923<\/em> (Schweiz und die Armenien 1896\u20131923), ed. Hans-Lukas Kieser. Zurich: Chronos-Verlag, 1999 (in German).<\/p>\n<p>&#8220;Genocide Charges against the Turks and the Turkish National Movement&#8221; (Die t\u00fcrkische Nationalbewegung und die Bestrafung der T\u00fcrken wegen des V\u00f6lkermordes). In <em>The Republic of Armenia in Difficult Straits: From Past to the Present <\/em>(Armenien, Geschichte und Gegenwart in schwierigem Umfeld), German-Armenian Association, ed. Frankfurt a.M.: GAA Verlag, 1998 (in German).<\/p>\n<p>&#8220;Causes and Consequences of Censoring Turkish History&#8221; (Tarihimizi Tabulastirma Nedenleri ve Sonu\u00e7lar\u0131). <em>Birikim <\/em>(Turkish Social Science Journal) 107, March 1998 (in Turkish).<\/p>\n<p>&#8220;An Alternative Historical Narrative of the Sevres and Lausanne Treaties on the 75th Anniversary of the Turkish Republic&#8221; (Cumhuriyetin 75. y\u0131l\u0131nda Sevr ve Lozan&#8217;\u0131n Bir Ba\u015fka Tarihi). <em>Birikim <\/em>(Turkish Social Science Journal) 115, November 1998 (in Turkish).<\/p>\n<p>&#8220;The Rapid Process of Turkification&#8221; (H\u0131zla T\u00fcrkle\u015fiyoruz). In <em>Identity and Democracy in the Turkish Republic <\/em>(Cumhuriyet Demokrasi ve Kimlik), ed. Nuri Bilgin. Istanbul: Ba\u011flam Yay\u0131nlar\u0131, 1997 (in Turkish).<\/p>\n<p>&#8220;The Concept of &#8216;the Other&#8217; in the East and the West&#8221; (Do\u011fu&#8217;da ve Bat\u0131&#8217;da Yabanc\u0131 Kavram\u0131). <em>Birikim <\/em>(Turkish Social Science Journal) 102, October 1997 (in Turkish).<\/p>\n<p>&#8220;The Genocide of the Armenians and the Silence of the Turks.&#8221; In <em>Problems of Genocid, ed.<\/em> Zoryan Institute. Toronto: ZI Press, 1997.<\/p>\n<p>&#8220;A Macro Analysis of the Ottoman-Turkish Westernization Process&#8221; (Osmanisch-T\u00fcrkischer Verwestlichungsprozess, eine Makroperspektive). In <em>Bridge Across Civilizations <\/em>(Br\u00fccken zwischen Zivilisationen). Hans Peter Waldhoff, Dursun Tan, El\u00e7in Ahlers, eds. Frankfurt a.M.: Verlag der Kulturen, 1997 (in German).<\/p>\n<p>&#8220;The Causes of the Turkish Silence on the Armenian Genocide&#8221; (Der V\u00f6lkermord an den Armeniern und die Gr\u00fcnde des t\u00fcrkischen Schweigens). In <em>Phoenix from the Ashes: Armenians 80 Years After the Genocide <\/em>(Phonix aus der Asche, Armenien 80 Jahre nach dem Genozid). German-Armenian Association, ed. Frankfurt a.M.: GAA Verlag, 1996 (in German).<\/p>\n<p>&#8220;Reflections on the Concept of Collective Identity&#8221; (Kollektif Kimlik \u00dczerine Bazi Tespitler). <em>Birikim <\/em>(Turkish Social Science Journal) 71\/72, March\u2013April 1995 (in Turkish).<\/p>\n<p>&#8220;The Armenian Genocide (Der V\u00f6lkermord an den Armeniern).&#8221; <em>Journal of the Hamburg Social Sciences Institute <\/em>(Mittelweg 36) 4, April\u2013May 1995 (in German).<\/p>\n<p>&#8220;Turks and Armenians: Toward a discussion of the Armenian massacres&#8221; (Wir T\u00fcrken und die Armenier. Plaedoyer f\u00fcr die Auseinandersetzung mit dem Massen Mord. In<em> Armenians and the Republic of Armenia: Homeland and Exile<\/em> (Armenierund Armenien: Heimat und Exil). Tessa Hofmann ed. Hamburg: RoRoRo Verlag, 1994 (in German).<\/p>\n<p>&#8220;Reasons for the Weak Tradition of Liberal and Democratic Thought in Turkey&#8221; (T\u00fcrkiye&#8217;de Demokratik ve Liberal D\u00fc\u015f\u00fcncenin Zay\u0131fl\u0131\u011f\u0131 ve Nedenleri). In <em>Socialism and Human Rights <\/em>(Insan Haklari ve Sosyalizm). \u0130n\u00f6n\u00fc Alpat, ed. Ankara: Su Yay\u0131nlar\u0131, 1993 (in Turkish).<\/p>\n<p>&#8220;The Eurocentric Historical Analysis of Minorities (Avrupa Merkezli Tarih Anlay\u0131\u015f\u0131 ve Az\u0131nl\u0131klar Sorunu).&#8221; <em>Birikim <\/em>(Turkish Social Science Journal) 45\/46, January-February 1993 (in Turkish).<\/p>\n<p>&#8220;Approaching Nationalism through the Concept of Collective Identity&#8221; (Ulusal Meseleye Bir Kollektif Kimlik Sorunu Olarak Yaklasmak). <em>Birikim <\/em>(Turkish Social Science Journal) 45\/46, January\u2013February 1993 (in Turkish).<\/p>\n<p>&#8220;Reflections on the Relationship between Civilization and Violence&#8221; (\u015eiddet ve Medeniyet \u0130li\u015fkisi \u00dczerine \u00c7e\u015fitlemeler).<em> Birikim <\/em>(Turkish Social Science Journal) 38\/39, June\u2013July 1992. (in Turkish).<\/p>\n<p>&#8220;Methodological Issues in Researching the Social Act of Torture: A Critical Reflection on Objectivity.&#8221; (Untersuchung der Folter. Ein Erfahrungsbericht).<em> Journal of the Hamburg Social Sciences Institute <\/em>(Mittelweg 36) 1, January 1992.<\/p>\n<p>&#8220;Normalizing Torture: The Perception of Violence in Turkey&#8221; (Die Normalit\u00e4t der Folter. Die Wahrnehmung von Gewalt in der T\u00fcrkei). In <em>Torture as the Enactment of State Power<\/em> (Folter. Zur Analyse eines Herrschaftsmittel), Jann Philipp Reemtsma, ed. Hamburg: Junious Verlag, 1991 (in German).<\/p>\n<p>&#8220;Crises of the Turkish Republic: Kurds and the Concept of the Nation-State&#8221; (TC&#8217;nin Krizi, Ulusal Devlet ve K\u00fcrtler). <em>Birikim <\/em>(Turkish Social Science Journal) 24, April 1991 (in Turkish).<\/p>\n<p>&#8220;Marx, Engels and Lenin on Asian Societies&#8221; (Marks, Engels ve Lenin&#8217;in Asya Toplumlar\u0131na Bak\u0131\u015flar\u0131). <em>Defter<\/em> (Record of Turkish Social Issues) 8, Winter 1989 (in Turkish).<\/p>\n<p>(Many essays and pamphlets on European racism in general and German hostility to immigrants in particular; references upon request.)<\/p>\n","protected":false},"excerpt":{"rendered":"<p>Approaching 2015: How to Assess Erdo\u011fan\u2019s Statement on the Armenian Genocide? Birg\u00fcn Gazetesi: T\u00fcrk-Ermeni Diyalo\u011funda At\u0131lmas\u0131 Gereken Ad\u0131mlar:&nbsp;Birg\u00fcn gazetesinde 2005 Nisan ay\u0131nda yay\u0131nlanan yaz\u0131 dizisinin tam metni. Is There Any [&hellip;]<\/p>\n","protected":false},"author":703,"featured_media":0,"parent":0,"menu_order":0,"comment_status":"closed","ping_status":"closed","template":"","meta":{"ngg_post_thumbnail":0,"footnotes":""},"class_list":["post-866","page","type-page","status-publish","czr-hentry"],"_links":{"self":[{"href":"https:\/\/wordpress.test.clarku.edu\/takcam\/wp-json\/wp\/v2\/pages\/866","targetHints":{"allow":["GET"]}}],"collection":[{"href":"https:\/\/wordpress.test.clarku.edu\/takcam\/wp-json\/wp\/v2\/pages"}],"about":[{"href":"https:\/\/wordpress.test.clarku.edu\/takcam\/wp-json\/wp\/v2\/types\/page"}],"author":[{"embeddable":true,"href":"https:\/\/wordpress.test.clarku.edu\/takcam\/wp-json\/wp\/v2\/users\/703"}],"replies":[{"embeddable":true,"href":"https:\/\/wordpress.test.clarku.edu\/takcam\/wp-json\/wp\/v2\/comments?post=866"}],"version-history":[{"count":1,"href":"https:\/\/wordpress.test.clarku.edu\/takcam\/wp-json\/wp\/v2\/pages\/866\/revisions"}],"predecessor-version":[{"id":979,"href":"https:\/\/wordpress.test.clarku.edu\/takcam\/wp-json\/wp\/v2\/pages\/866\/revisions\/979"}],"wp:attachment":[{"href":"https:\/\/wordpress.test.clarku.edu\/takcam\/wp-json\/wp\/v2\/media?parent=866"}],"curies":[{"name":"wp","href":"https:\/\/api.w.org\/{rel}","templated":true}]}}