{"id":2523,"date":"2018-03-21T13:45:45","date_gmt":"2018-03-21T17:45:45","guid":{"rendered":"https:\/\/wordpress.clarku.edu\/guerguerianarchive\/?page_id=2523"},"modified":"2018-11-30T17:30:46","modified_gmt":"2018-11-30T22:30:46","slug":"notes-on-english-translation-and-index-turkish","status":"publish","type":"page","link":"https:\/\/wordpress.test.clarku.edu\/guerguerianarchive\/tr\/notes-on-english-translation-and-index-turkish\/","title":{"rendered":"\u0130ndeks ve T\u00fcrk\u00e7e ve \u0130ngilizce \u00c7eviriler i\u00e7in A\u00e7\u0131klama"},"content":{"rendered":"<p>Sayfam\u0131z hala d\u00fczenleme a\u015famas\u0131ndad\u0131r; Indekslerdeki baz\u0131 bo\u015fluklardan da anla\u015f\u0131laca\u011f\u0131 gibi, hala \u00fczerinde \u00e7al\u0131\u015fma yap\u0131lmaktad\u0131r. Osmanl\u0131ca Belgelerin, T\u00fcrk\u00e7e ve \u0130ngilizce \u00e7evirilerini tamamland\u0131k\u00e7a koymaya devam edece\u011fiz. Eksiklik ve olas\u0131 hatalardan dolay\u0131 \u00f6z\u00fcr dileriz. G\u00f6z\u00fcn\u00fcze \u00e7arpan eksiklikler konusunda l\u00fctfen bizlerle irtibata ge\u00e7iniz.<\/p>\n","protected":false},"excerpt":{"rendered":"<p>Sayfam\u0131z hala d\u00fczenleme a\u015famas\u0131ndad\u0131r; Indekslerdeki baz\u0131 bo\u015fluklardan da anla\u015f\u0131laca\u011f\u0131 gibi, hala \u00fczerinde \u00e7al\u0131\u015fma yap\u0131lmaktad\u0131r. Osmanl\u0131ca Belgelerin, T\u00fcrk\u00e7e ve \u0130ngilizce \u00e7evirilerini tamamland\u0131k\u00e7a koymaya devam edece\u011fiz. Eksiklik ve olas\u0131 hatalardan dolay\u0131 \u00f6z\u00fcr &hellip; <a href=\"https:\/\/wordpress.test.clarku.edu\/guerguerianarchive\/tr\/notes-on-english-translation-and-index-turkish\/\" class=\"more-link\">Continue reading <span class=\"screen-reader-text\">\u0130ndeks ve T\u00fcrk\u00e7e ve \u0130ngilizce \u00c7eviriler i\u00e7in A\u00e7\u0131klama<\/span><\/a><\/p>\n","protected":false},"author":944,"featured_media":0,"parent":0,"menu_order":0,"comment_status":"closed","ping_status":"closed","template":"","meta":{"ngg_post_thumbnail":0,"footnotes":""},"class_list":["post-2523","page","type-page","status-publish","hentry"],"_links":{"self":[{"href":"https:\/\/wordpress.test.clarku.edu\/guerguerianarchive\/wp-json\/wp\/v2\/pages\/2523","targetHints":{"allow":["GET"]}}],"collection":[{"href":"https:\/\/wordpress.test.clarku.edu\/guerguerianarchive\/wp-json\/wp\/v2\/pages"}],"about":[{"href":"https:\/\/wordpress.test.clarku.edu\/guerguerianarchive\/wp-json\/wp\/v2\/types\/page"}],"author":[{"embeddable":true,"href":"https:\/\/wordpress.test.clarku.edu\/guerguerianarchive\/wp-json\/wp\/v2\/users\/944"}],"replies":[{"embeddable":true,"href":"https:\/\/wordpress.test.clarku.edu\/guerguerianarchive\/wp-json\/wp\/v2\/comments?post=2523"}],"version-history":[{"count":9,"href":"https:\/\/wordpress.test.clarku.edu\/guerguerianarchive\/wp-json\/wp\/v2\/pages\/2523\/revisions"}],"predecessor-version":[{"id":2861,"href":"https:\/\/wordpress.test.clarku.edu\/guerguerianarchive\/wp-json\/wp\/v2\/pages\/2523\/revisions\/2861"}],"wp:attachment":[{"href":"https:\/\/wordpress.test.clarku.edu\/guerguerianarchive\/wp-json\/wp\/v2\/media?parent=2523"}],"curies":[{"name":"wp","href":"https:\/\/api.w.org\/{rel}","templated":true}]}}