{"id":1299,"date":"2018-01-29T09:40:46","date_gmt":"2018-01-29T14:40:46","guid":{"rendered":"https:\/\/wordpress.clarku.edu\/guerguerianarchive\/?page_id=1299"},"modified":"2018-11-30T08:43:40","modified_gmt":"2018-11-30T13:43:40","slug":"media-turkish","status":"publish","type":"page","link":"https:\/\/wordpress.test.clarku.edu\/guerguerianarchive\/tr\/media-turkish\/","title":{"rendered":"Medya"},"content":{"rendered":"<figure id=\"attachment_1569\" aria-describedby=\"caption-attachment-1569\" style=\"width: 1532px\" class=\"wp-caption aligncenter\"><img loading=\"lazy\" decoding=\"async\" class=\"wp-image-1569 size-full\" src=\"https:\/\/wordpress.test.clarku.edu\/wp-content\/uploads\/sites\/517\/2018\/01\/NAIMEFENDI-e1518122364478.jpeg\" alt=\"\" width=\"1532\" height=\"990\" srcset=\"https:\/\/wordpress.test.clarku.edu\/guerguerianarchive\/wp-content\/uploads\/sites\/517\/2018\/01\/NAIMEFENDI-e1518122364478.jpeg 1532w, https:\/\/wordpress.test.clarku.edu\/guerguerianarchive\/wp-content\/uploads\/sites\/517\/2018\/01\/NAIMEFENDI-e1518122364478-300x194.jpeg 300w, https:\/\/wordpress.test.clarku.edu\/guerguerianarchive\/wp-content\/uploads\/sites\/517\/2018\/01\/NAIMEFENDI-e1518122364478-768x496.jpeg 768w, https:\/\/wordpress.test.clarku.edu\/guerguerianarchive\/wp-content\/uploads\/sites\/517\/2018\/01\/NAIMEFENDI-e1518122364478-1024x662.jpeg 1024w\" sizes=\"auto, (max-width: 1532px) 100vw, 1532px\" \/><figcaption id=\"caption-attachment-1569\" class=\"wp-caption-text\">Gergeryan Ar\u015fivinde bulunan Naim Efendi&#8217;nin Hat\u0131rat\u0131 ve Talat Pa\u015fa telgraflar\u0131 hakk\u0131nda Taner Ak\u00e7am taraf\u0131ndan kaleme al\u0131nm\u0131\u015f kitap (\u0130leti\u015fim, 2016.)<\/figcaption><\/figure>\n<p><strong>AGOS (T\u00fcrk\u00e7e):<\/strong><\/p>\n<p><a href=\"http:\/\/www.agos.com.tr\/tr\/yazi\/18348\/soykirimin-sifresi-cozuldu\" target=\"_blank\" rel=\"noopener\">Makale 1<\/a><\/p>\n<p><a href=\"http:\/\/www.agos.com.tr\/tr\/yazi\/18403\/evinde-ermeni-saklayanin-evi-yakilacak-ve-evi-onunde-idam-edilecektir\" target=\"_blank\" rel=\"noopener\">Makale 2<\/a><\/p>\n<p><strong>AGOS (English Language Translation):<\/strong><\/p>\n<p><a href=\"http:\/\/www.agos.com.tr\/en\/article\/18348\/deciphered-telegram-reveals-the-genocide\" target=\"_blank\" rel=\"noopener\">Article 1<\/a><\/p>\n<p><a href=\"http:\/\/www.agos.com.tr\/en\/article\/18403\/the-houses-of-the-ones-who-hide-armenians-will-be-burned-and-they-will-be-executed\" target=\"_blank\" rel=\"noopener\">Article 2<\/a><\/p>\n<p><a href=\"http:\/\/www.armradio.am\/en\/2017\/04\/28\/taner-akcams-finding-to-make-turkey-seek-new-ways-of-denying-the-armenian-genocide\/\" target=\"_blank\" rel=\"noopener\"><strong>ARMENIAN PUBLIC RADIO<\/strong><\/a><\/p>\n<p>&nbsp;<\/p>\n<p><a href=\"https:\/\/horizonweekly.ca\/en\/taner-akcam-based-on-the-new-documents-it-is-now-very-difficult-to-deny-the-armenian-genocide\/\" target=\"_blank\" rel=\"noopener\"><strong>ARMENIAN WEEKLY<\/strong><\/a><\/p>\n<p><strong><a href=\"http:\/\/www.ctvnews.ca\/world\/smoking-gun-telegram-offers-evidence-of-armenian-genocide-professor-1.3384214\" target=\"_blank\" rel=\"noopener\">CANADIAN TV and NEWS<\/a><\/strong><\/p>\n<p><a href=\"https:\/\/www.nytimes.com\/2017\/04\/22\/world\/europe\/armenian-genocide-turkey.html?_r=0\" target=\"_blank\" rel=\"noopener\"><strong>NEW YORK TIMES<\/strong><\/a><\/p>\n<p><a href=\"http:\/\/www.npr.org\/2017\/04\/24\/525441639\/recently-discovered-telegram-reveals-evidence-for-armenian-genocide\" target=\"_blank\" rel=\"noopener\"><strong>NPR<\/strong><\/a><\/p>\n<p>&nbsp;<\/p>\n<p>AGOS gazetesinde yay\u0131nlanan makaleler de\u011fi\u015fik internet sitelerinde yeniden yay\u0131nlanm\u0131\u015ft\u0131r. Baz\u0131 \u00f6rnekler:<\/p>\n<p><a href=\"http:\/\/www.aravot-en.am\/2018\/02\/23\/208152\/\" target=\"_blank\" rel=\"noopener\"><strong>ARAVOT DAILY<\/strong><\/a><\/p>\n<p><strong>ARTIGER\u00c7EK:<\/strong><\/p>\n<p><a href=\"https:\/\/www.artigercek.com\/soykirimin-sifresi-cozuldu\" target=\"_blank\" rel=\"noopener\">Makale 1<\/a><\/p>\n<p><a href=\"https:\/\/www.artigercek.com\/ermenileri-saklayanlar-evlerinin-onunde-idam-edilecek\" target=\"_blank\" rel=\"noopener\">Makale 2<\/a><\/p>\n<p><a href=\"http:\/\/www.gazeteduvar.com.tr\/turkiye\/2017\/05\/05\/ermeni-saklayani-idam-edin-belgesi\/\" target=\"_blank\" rel=\"noopener\"><strong>GAZETE DUVAR<\/strong><\/a><\/p>\n<p><a href=\"https:\/\/massispost.com\/2018\/02\/armenian-genocide-commemoration-held-times-square-april-22nd\/\" target=\"_blank\" rel=\"noopener\"><strong>MASSIS POST<\/strong><\/a><\/p>\n<p><a href=\"https:\/\/www.panorama.am\/en\/news\/2018\/02\/12\/Armenian-Genocide-commemoration-New-York-Times-Square\/1904473\" target=\"_blank\" rel=\"noopener\"><strong>PANORAMA.AM<\/strong><\/a><\/p>\n<p><a href=\"http:\/\/t24.com.tr\/haber\/taner-akcam-bu-belge-ittihatcilarin-ermenileri-sistemli-olarak-imhaya-tabi-tuttuklarini-gosteriyor,401568\" target=\"_blank\" rel=\"noopener\"><strong>T24<\/strong><\/a><\/p>\n<p><a href=\"https:\/\/mirrorspectator.com\/2018\/02\/22\/new-volume-taner-akcam-focuses-genocide-smoking-gun\/\" target=\"_blank\" rel=\"noopener\"><strong>THE ARMENIAN MIRROR-SPECTATOR<\/strong><\/a><\/p>\n","protected":false},"excerpt":{"rendered":"<p>AGOS (T\u00fcrk\u00e7e): Makale 1 Makale 2 AGOS (English Language Translation): Article 1 Article 2 ARMENIAN PUBLIC RADIO &nbsp; ARMENIAN WEEKLY CANADIAN TV and NEWS NEW YORK TIMES NPR &nbsp; AGOS &hellip; <a href=\"https:\/\/wordpress.test.clarku.edu\/guerguerianarchive\/tr\/media-turkish\/\" class=\"more-link\">Continue reading <span class=\"screen-reader-text\">Medya<\/span><\/a><\/p>\n","protected":false},"author":894,"featured_media":0,"parent":0,"menu_order":0,"comment_status":"closed","ping_status":"closed","template":"","meta":{"ngg_post_thumbnail":0,"footnotes":""},"class_list":["post-1299","page","type-page","status-publish","hentry"],"_links":{"self":[{"href":"https:\/\/wordpress.test.clarku.edu\/guerguerianarchive\/wp-json\/wp\/v2\/pages\/1299","targetHints":{"allow":["GET"]}}],"collection":[{"href":"https:\/\/wordpress.test.clarku.edu\/guerguerianarchive\/wp-json\/wp\/v2\/pages"}],"about":[{"href":"https:\/\/wordpress.test.clarku.edu\/guerguerianarchive\/wp-json\/wp\/v2\/types\/page"}],"author":[{"embeddable":true,"href":"https:\/\/wordpress.test.clarku.edu\/guerguerianarchive\/wp-json\/wp\/v2\/users\/894"}],"replies":[{"embeddable":true,"href":"https:\/\/wordpress.test.clarku.edu\/guerguerianarchive\/wp-json\/wp\/v2\/comments?post=1299"}],"version-history":[{"count":31,"href":"https:\/\/wordpress.test.clarku.edu\/guerguerianarchive\/wp-json\/wp\/v2\/pages\/1299\/revisions"}],"predecessor-version":[{"id":2840,"href":"https:\/\/wordpress.test.clarku.edu\/guerguerianarchive\/wp-json\/wp\/v2\/pages\/1299\/revisions\/2840"}],"wp:attachment":[{"href":"https:\/\/wordpress.test.clarku.edu\/guerguerianarchive\/wp-json\/wp\/v2\/media?parent=1299"}],"curies":[{"name":"wp","href":"https:\/\/api.w.org\/{rel}","templated":true}]}}