{"id":1295,"date":"2018-01-29T09:39:20","date_gmt":"2018-01-29T14:39:20","guid":{"rendered":"https:\/\/wordpress.clarku.edu\/guerguerianarchive\/?page_id=1295"},"modified":"2018-09-13T14:54:17","modified_gmt":"2018-09-13T18:54:17","slug":"contact-us-turkish","status":"publish","type":"page","link":"https:\/\/wordpress.test.clarku.edu\/guerguerianarchive\/tr\/contact-us-turkish\/","title":{"rendered":"\u0130leti\u015fim"},"content":{"rendered":"<p>Sayfam\u0131z hala d\u00fczenleme a\u015famas\u0131ndad\u0131r; Indeksler \u00fczerindeki renklerden de anla\u015f\u0131laca\u011f\u0131 gibi, hala \u00fczerinde \u00e7al\u0131\u015fma yap\u0131lmaktad\u0131r. Osmanl\u0131ca Belgelerin \u0130ngilizce \u00e7evirilerini tamamland\u0131k\u00e7a koymaya devam edece\u011fiz. Eksiklik ve olas\u0131 hatalardan dolay\u0131 \u00f6z\u00fcr dileriz. G\u00f6z\u00fcn\u00fcze \u00e7arpan eksiklikler konusunda l\u00fctfen bizlerle irtibata ge\u00e7iniz.<\/p>\n<p><em>Proje hakk\u0131nda daha ayr\u0131nt\u0131l\u0131 bilgi almak i\u00e7in:<\/em><\/p>\n<div class=\"divbreaksmall\" style=\"float: right;margin: 0px 20px 0px 20px;text-align: center;font-size: 11pt\">\n<p><span class=\"hidden-rule-line\">White Clark Logo<\/span><\/p>\n<hr class=\"hidden-rule-line\" style=\"border-top: 3px solid red\">\n<p><img loading=\"lazy\" decoding=\"async\" class=\"wp-image-1905 aligncenter\" src=\"https:\/\/wordpress.test.clarku.edu\/wp-content\/uploads\/sites\/517\/2018\/01\/Clark-Seal-White-150x150.png\" alt=\"\" width=\"200\" height=\"200\" srcset=\"https:\/\/wordpress.test.clarku.edu\/guerguerianarchive\/wp-content\/uploads\/sites\/517\/2018\/01\/Clark-Seal-White-150x150.png 150w, https:\/\/wordpress.test.clarku.edu\/guerguerianarchive\/wp-content\/uploads\/sites\/517\/2018\/01\/Clark-Seal-White-300x300.png 300w, https:\/\/wordpress.test.clarku.edu\/guerguerianarchive\/wp-content\/uploads\/sites\/517\/2018\/01\/Clark-Seal-White.png 494w\" sizes=\"auto, (max-width: 200px) 100vw, 200px\" \/><\/p>\n<hr class=\"hidden-rule-line\" style=\"border-top: 3px solid red\">\n<\/div>\n<p><strong>Prof. Taner Ak\u00e7am<\/strong><br \/>\nemail:&nbsp;takcam@clarku.edu<\/p>\n<p><strong>Anna Aleksanyan<\/strong><br \/>\nemail:&nbsp;AAleksanyan@clarku.edu<\/p>\n<p><strong>Bur\u00e7in Ger\u00e7ek \u00d6zg\u00fcr<\/strong><br \/>\nemail:&nbsp;bgercek@clarku.edu<br \/>\n&nbsp;<br \/>\n<strong>Ani Ohanian<\/strong><br \/>\nemail:&nbsp;aohanian@clarku.edu<\/p>\n","protected":false},"excerpt":{"rendered":"<p>Sayfam\u0131z hala d\u00fczenleme a\u015famas\u0131ndad\u0131r; Indeksler \u00fczerindeki renklerden de anla\u015f\u0131laca\u011f\u0131 gibi, hala \u00fczerinde \u00e7al\u0131\u015fma yap\u0131lmaktad\u0131r. Osmanl\u0131ca Belgelerin \u0130ngilizce \u00e7evirilerini tamamland\u0131k\u00e7a koymaya devam edece\u011fiz. Eksiklik ve olas\u0131 hatalardan dolay\u0131 \u00f6z\u00fcr dileriz. G\u00f6z\u00fcn\u00fcze &hellip; <a href=\"https:\/\/wordpress.test.clarku.edu\/guerguerianarchive\/tr\/contact-us-turkish\/\" class=\"more-link\">Continue reading <span class=\"screen-reader-text\">\u0130leti\u015fim<\/span><\/a><\/p>\n","protected":false},"author":894,"featured_media":0,"parent":0,"menu_order":0,"comment_status":"closed","ping_status":"closed","template":"","meta":{"ngg_post_thumbnail":0,"footnotes":""},"class_list":["post-1295","page","type-page","status-publish","hentry"],"_links":{"self":[{"href":"https:\/\/wordpress.test.clarku.edu\/guerguerianarchive\/wp-json\/wp\/v2\/pages\/1295","targetHints":{"allow":["GET"]}}],"collection":[{"href":"https:\/\/wordpress.test.clarku.edu\/guerguerianarchive\/wp-json\/wp\/v2\/pages"}],"about":[{"href":"https:\/\/wordpress.test.clarku.edu\/guerguerianarchive\/wp-json\/wp\/v2\/types\/page"}],"author":[{"embeddable":true,"href":"https:\/\/wordpress.test.clarku.edu\/guerguerianarchive\/wp-json\/wp\/v2\/users\/894"}],"replies":[{"embeddable":true,"href":"https:\/\/wordpress.test.clarku.edu\/guerguerianarchive\/wp-json\/wp\/v2\/comments?post=1295"}],"version-history":[{"count":12,"href":"https:\/\/wordpress.test.clarku.edu\/guerguerianarchive\/wp-json\/wp\/v2\/pages\/1295\/revisions"}],"predecessor-version":[{"id":2731,"href":"https:\/\/wordpress.test.clarku.edu\/guerguerianarchive\/wp-json\/wp\/v2\/pages\/1295\/revisions\/2731"}],"wp:attachment":[{"href":"https:\/\/wordpress.test.clarku.edu\/guerguerianarchive\/wp-json\/wp\/v2\/media?parent=1295"}],"curies":[{"name":"wp","href":"https:\/\/api.w.org\/{rel}","templated":true}]}}