{"id":1287,"date":"2018-01-29T09:37:17","date_gmt":"2018-01-29T14:37:17","guid":{"rendered":"https:\/\/wordpress.clarku.edu\/guerguerianarchive\/?page_id=1287"},"modified":"2018-11-28T14:10:40","modified_gmt":"2018-11-28T19:10:40","slug":"team-turkish","status":"publish","type":"page","link":"https:\/\/wordpress.test.clarku.edu\/guerguerianarchive\/tr\/team-turkish\/","title":{"rendered":"Team &#8211; Turkish"},"content":{"rendered":"<p>Krikor Gergeryan Projesi Prof. Taner Ak\u00e7am y\u00f6netiminde a\u015fa\u011f\u0131daki ki\u015filerden olu\u015fmaktad\u0131r.<\/p>\n<p>\u0130ndex haz\u0131rlama ve kataloglama: Ani Ohanian, Anna Aleksanyan, Bur\u00e7in Ger\u00e7ek, Emre Can Da\u011fl\u0131o\u011flu, Nazl\u0131 Temir Beyleryan, Sevan Deirmendjian,&nbsp; Tabita Toparlak, Dr. \u00dcmit Kurt<\/p>\n<p>\u0130ngilizceye \u00e7eviriler: Fatima Sakarya ve&nbsp;Paul Bessemer<\/p>\n","protected":false},"excerpt":{"rendered":"<p>Krikor Gergeryan Projesi Prof. Taner Ak\u00e7am y\u00f6netiminde a\u015fa\u011f\u0131daki ki\u015filerden olu\u015fmaktad\u0131r. \u0130ndex haz\u0131rlama ve kataloglama: Ani Ohanian, Anna Aleksanyan, Bur\u00e7in Ger\u00e7ek, Emre Can Da\u011fl\u0131o\u011flu, Nazl\u0131 Temir Beyleryan, Sevan Deirmendjian,&nbsp; Tabita Toparlak, &hellip; <a href=\"https:\/\/wordpress.test.clarku.edu\/guerguerianarchive\/tr\/team-turkish\/\" class=\"more-link\">Continue reading <span class=\"screen-reader-text\">Team &#8211; Turkish<\/span><\/a><\/p>\n","protected":false},"author":894,"featured_media":0,"parent":0,"menu_order":0,"comment_status":"closed","ping_status":"closed","template":"","meta":{"ngg_post_thumbnail":0,"footnotes":""},"class_list":["post-1287","page","type-page","status-publish","hentry"],"_links":{"self":[{"href":"https:\/\/wordpress.test.clarku.edu\/guerguerianarchive\/wp-json\/wp\/v2\/pages\/1287","targetHints":{"allow":["GET"]}}],"collection":[{"href":"https:\/\/wordpress.test.clarku.edu\/guerguerianarchive\/wp-json\/wp\/v2\/pages"}],"about":[{"href":"https:\/\/wordpress.test.clarku.edu\/guerguerianarchive\/wp-json\/wp\/v2\/types\/page"}],"author":[{"embeddable":true,"href":"https:\/\/wordpress.test.clarku.edu\/guerguerianarchive\/wp-json\/wp\/v2\/users\/894"}],"replies":[{"embeddable":true,"href":"https:\/\/wordpress.test.clarku.edu\/guerguerianarchive\/wp-json\/wp\/v2\/comments?post=1287"}],"version-history":[{"count":10,"href":"https:\/\/wordpress.test.clarku.edu\/guerguerianarchive\/wp-json\/wp\/v2\/pages\/1287\/revisions"}],"predecessor-version":[{"id":2800,"href":"https:\/\/wordpress.test.clarku.edu\/guerguerianarchive\/wp-json\/wp\/v2\/pages\/1287\/revisions\/2800"}],"wp:attachment":[{"href":"https:\/\/wordpress.test.clarku.edu\/guerguerianarchive\/wp-json\/wp\/v2\/media?parent=1287"}],"curies":[{"name":"wp","href":"https:\/\/api.w.org\/{rel}","templated":true}]}}