{"id":1279,"date":"2018-01-29T09:34:08","date_gmt":"2018-01-29T14:34:08","guid":{"rendered":"https:\/\/wordpress.clarku.edu\/guerguerianarchive\/?page_id=1279"},"modified":"2018-09-12T08:26:30","modified_gmt":"2018-09-12T12:26:30","slug":"archive-iii-materials-from-other-sources-turkish","status":"publish","type":"page","link":"https:\/\/wordpress.test.clarku.edu\/guerguerianarchive\/tr\/archive-iii-materials-from-other-sources-turkish\/","title":{"rendered":"Archive III: De\u011fi\u015fik \u00dclke Ar\u015fivlerinden"},"content":{"rendered":"<p><img loading=\"lazy\" decoding=\"async\" class=\"alignright wp-image-2574\" src=\"https:\/\/wordpress.test.clarku.edu\/wp-content\/uploads\/sites\/517\/2018\/01\/Aram-Andonian-French-Document-114x300.png\" alt=\"\" width=\"236\" height=\"619\" srcset=\"https:\/\/wordpress.test.clarku.edu\/guerguerianarchive\/wp-content\/uploads\/sites\/517\/2018\/01\/Aram-Andonian-French-Document-114x300.png 114w, https:\/\/wordpress.test.clarku.edu\/guerguerianarchive\/wp-content\/uploads\/sites\/517\/2018\/01\/Aram-Andonian-French-Document-57x150.png 57w, https:\/\/wordpress.test.clarku.edu\/guerguerianarchive\/wp-content\/uploads\/sites\/517\/2018\/01\/Aram-Andonian-French-Document.png 281w\" sizes=\"auto, (max-width: 236px) 100vw, 236px\" \/>Bu ar\u015fiv, Gergeryan\u2019\u0131n Almanya, Avusturya, \u0130ngiltere ve ABD ar\u015fivlerinden toplad\u0131\u011f\u0131 orijinal malzemelerden olu\u015fmaktad\u0131r.&nbsp; Ayr\u0131ca, malzemeler aras\u0131nda, \u0130stanbul Patrikli\u011fine ait Frans\u0131zca ve Ermenice d\u00f6k\u00fcmanlar \u00f6nemli bir yer tutarlar.<\/p>\n<p><a href=\"http:\/\/commons.clarku.edu\/other_materials\/\" target=\"_blank\" rel=\"noopener\">Dijital ortama aktar\u0131lm\u0131\u015f dok\u00fcmanlar Digital Commons ortam\u0131ndad\u0131r. Belgeler aras\u0131nda gezinmek i\u00e7in buray\u0131 t\u0131klay\u0131n.<\/a><\/p>\n<p>Okumak istedi\u011finiz belgeleri en iyi aramak ve bulmak i\u00e7in l\u00fctfen a\u015fa\u011f\u0131daki Excel Dizinlerini kullan\u0131n.<\/p>\n<div style=\"clear: both;\">\n<hr class=\"hidden-rule-line\" style=\"border-top: 3px solid red;\">\n<ul>\n<li><a href=\"https:\/\/wordpress.test.clarku.edu\/wp-content\/uploads\/sites\/517\/2018\/09\/00-03-A-Guerguerian_Archive_III-Original_Documents_Index_English.xlsx\">Excel Endeksini \u0130ngilizce olarak indirmek i\u00e7in buraya t\u0131klay\u0131n<\/a><\/li>\n<li><a href=\"https:\/\/wordpress.test.clarku.edu\/wp-content\/uploads\/sites\/517\/2018\/09\/00-03-B-Gergeryan-Ar\u015fivi-III-Orijinal-Belgeler-TURKCE.xlsx\">Excel Endeksini T\u00fcrk\u00e7e olarak indirmek i\u00e7in buraya t\u0131klay\u0131n<\/a><\/li>\n<\/ul>\n<hr class=\"hidden-rule-line\" style=\"border-top: 3px solid red;\">\n<\/div>\n","protected":false},"excerpt":{"rendered":"<p>Bu ar\u015fiv, Gergeryan\u2019\u0131n Almanya, Avusturya, \u0130ngiltere ve ABD ar\u015fivlerinden toplad\u0131\u011f\u0131 orijinal malzemelerden olu\u015fmaktad\u0131r.&nbsp; Ayr\u0131ca, malzemeler aras\u0131nda, \u0130stanbul Patrikli\u011fine ait Frans\u0131zca ve Ermenice d\u00f6k\u00fcmanlar \u00f6nemli bir yer tutarlar. Dijital ortama aktar\u0131lm\u0131\u015f &hellip; <a href=\"https:\/\/wordpress.test.clarku.edu\/guerguerianarchive\/tr\/archive-iii-materials-from-other-sources-turkish\/\" class=\"more-link\">Continue reading <span class=\"screen-reader-text\">Archive III: De\u011fi\u015fik \u00dclke Ar\u015fivlerinden<\/span><\/a><\/p>\n","protected":false},"author":894,"featured_media":0,"parent":0,"menu_order":0,"comment_status":"closed","ping_status":"closed","template":"","meta":{"ngg_post_thumbnail":0,"footnotes":""},"class_list":["post-1279","page","type-page","status-publish","hentry"],"_links":{"self":[{"href":"https:\/\/wordpress.test.clarku.edu\/guerguerianarchive\/wp-json\/wp\/v2\/pages\/1279","targetHints":{"allow":["GET"]}}],"collection":[{"href":"https:\/\/wordpress.test.clarku.edu\/guerguerianarchive\/wp-json\/wp\/v2\/pages"}],"about":[{"href":"https:\/\/wordpress.test.clarku.edu\/guerguerianarchive\/wp-json\/wp\/v2\/types\/page"}],"author":[{"embeddable":true,"href":"https:\/\/wordpress.test.clarku.edu\/guerguerianarchive\/wp-json\/wp\/v2\/users\/894"}],"replies":[{"embeddable":true,"href":"https:\/\/wordpress.test.clarku.edu\/guerguerianarchive\/wp-json\/wp\/v2\/comments?post=1279"}],"version-history":[{"count":21,"href":"https:\/\/wordpress.test.clarku.edu\/guerguerianarchive\/wp-json\/wp\/v2\/pages\/1279\/revisions"}],"predecessor-version":[{"id":2726,"href":"https:\/\/wordpress.test.clarku.edu\/guerguerianarchive\/wp-json\/wp\/v2\/pages\/1279\/revisions\/2726"}],"wp:attachment":[{"href":"https:\/\/wordpress.test.clarku.edu\/guerguerianarchive\/wp-json\/wp\/v2\/media?parent=1279"}],"curies":[{"name":"wp","href":"https:\/\/api.w.org\/{rel}","templated":true}]}}