{"id":1275,"date":"2018-01-29T09:33:15","date_gmt":"2018-01-29T14:33:15","guid":{"rendered":"https:\/\/wordpress.clarku.edu\/guerguerianarchive\/?page_id=1275"},"modified":"2020-01-25T11:11:31","modified_gmt":"2020-01-25T16:11:31","slug":"arsiv-ii-gergeryanin-ozel-dosyalari","status":"publish","type":"page","link":"https:\/\/wordpress.test.clarku.edu\/guerguerianarchive\/tr\/arsiv-ii-gergeryanin-ozel-dosyalari\/","title":{"rendered":"Ar\u015fiv II: Gergeryan&#8217;\u0131n \u00d6zel Dosyalar\u0131"},"content":{"rendered":"<p><img loading=\"lazy\" decoding=\"async\" class=\"alignleft wp-image-2570\" src=\"https:\/\/wordpress.test.clarku.edu\/wp-content\/uploads\/sites\/517\/2018\/01\/Gostanian-Dossier-German-Complicity-116x300.png\" alt=\"\" width=\"236\" height=\"611\" srcset=\"https:\/\/wordpress.test.clarku.edu\/guerguerianarchive\/wp-content\/uploads\/sites\/517\/2018\/01\/Gostanian-Dossier-German-Complicity-116x300.png 116w, https:\/\/wordpress.test.clarku.edu\/guerguerianarchive\/wp-content\/uploads\/sites\/517\/2018\/01\/Gostanian-Dossier-German-Complicity-58x150.png 58w, https:\/\/wordpress.test.clarku.edu\/guerguerianarchive\/wp-content\/uploads\/sites\/517\/2018\/01\/Gostanian-Dossier-German-Complicity.png 282w\" sizes=\"auto, (max-width: 236px) 100vw, 236px\" \/>Bu ar\u015fiv, Gergeryan\u2019\u0131n \u00f6zel \u00e7al\u0131\u015fmalar\u0131n\u0131 ihtiva etmektedir. Gergeryan, 1988 y\u0131l\u0131na kadar, toplad\u0131\u011f\u0131 malzemeler \u00fczerinde \u00e7al\u0131\u015fm\u0131\u015f, \u00e7e\u015fitli notlar alm\u0131\u015f, belgeleri ba\u015fta Ermenice, Frans\u0131zca ve \u0130ngilizce olmak \u00fczere de\u011fi\u015fik dillere \u00e7evirmi\u015ftir. Dosyalar, Gergeryan&#8217;\u0131n verdi\u011fi isimlere sad\u0131k kal\u0131narak taramadan ge\u00e7irilmi\u015f ve ayr\u0131nt\u0131l\u0131 bir index haz\u0131rlanm\u0131\u015ft\u0131r.<\/p>\n<p><a href=\"http:\/\/commons.clarku.edu\/private_materials\/\" target=\"_blank\" rel=\"noopener noreferrer\">Dijital ortama aktar\u0131lm\u0131\u015f dok\u00fcmanlar Digital Commons ortam\u0131ndad\u0131r. Belgeler aras\u0131nda gezinmek i\u00e7in buray\u0131 t\u0131klay\u0131n.<\/a><\/p>\n<p>Okumak istedi\u011finiz belgeleri en iyi aramak ve bulmak i\u00e7in dosyay\u0131 Digital Commons&#8217;da bulun, l\u00fctfen a\u015fa\u011f\u0131daki Excel Dizinlerini kullan\u0131n.<\/p>\n<div style=\"clear: both\">\n<hr class=\"hidden-rule-line\" style=\"border-top: 3px solid red\">\n<ul>\n<li><a href=\"https:\/\/storage.googleapis.com\/clark-temp-files\/00-02-A-Guerguerian-Archive-II-Private_Archive-English-25_January_2020.xlsx\">Excel Endeksini \u0130ngilizce olarak indirmek i\u00e7in buraya t\u0131klay\u0131n<\/a><\/li>\n<li><a href=\"https:\/\/storage.googleapis.com\/clark-temp-files\/00-02-B-Gergerian-Ars%CC%A7ivi-II-O%CC%88zel_Ars%CC%A7iv-Tu%CC%88rkc%CC%A7e-25_January_2020.xlsx\">Excel Endeksini T\u00fcrk\u00e7e olarak indirmek i\u00e7in buraya t\u0131klay\u0131n<\/a><\/li>\n<\/ul>\n<hr class=\"hidden-rule-line\" style=\"border-top: 3px solid red\">\n<\/div>\n","protected":false},"excerpt":{"rendered":"<p>Bu ar\u015fiv, Gergeryan\u2019\u0131n \u00f6zel \u00e7al\u0131\u015fmalar\u0131n\u0131 ihtiva etmektedir. Gergeryan, 1988 y\u0131l\u0131na kadar, toplad\u0131\u011f\u0131 malzemeler \u00fczerinde \u00e7al\u0131\u015fm\u0131\u015f, \u00e7e\u015fitli notlar alm\u0131\u015f, belgeleri ba\u015fta Ermenice, Frans\u0131zca ve \u0130ngilizce olmak \u00fczere de\u011fi\u015fik dillere \u00e7evirmi\u015ftir. Dosyalar, &hellip; <a href=\"https:\/\/wordpress.test.clarku.edu\/guerguerianarchive\/tr\/arsiv-ii-gergeryanin-ozel-dosyalari\/\" class=\"more-link\">Continue reading <span class=\"screen-reader-text\">Ar\u015fiv II: Gergeryan&#8217;\u0131n \u00d6zel Dosyalar\u0131<\/span><\/a><\/p>\n","protected":false},"author":894,"featured_media":0,"parent":0,"menu_order":0,"comment_status":"closed","ping_status":"closed","template":"","meta":{"ngg_post_thumbnail":0,"footnotes":""},"class_list":["post-1275","page","type-page","status-publish","hentry"],"_links":{"self":[{"href":"https:\/\/wordpress.test.clarku.edu\/guerguerianarchive\/wp-json\/wp\/v2\/pages\/1275","targetHints":{"allow":["GET"]}}],"collection":[{"href":"https:\/\/wordpress.test.clarku.edu\/guerguerianarchive\/wp-json\/wp\/v2\/pages"}],"about":[{"href":"https:\/\/wordpress.test.clarku.edu\/guerguerianarchive\/wp-json\/wp\/v2\/types\/page"}],"author":[{"embeddable":true,"href":"https:\/\/wordpress.test.clarku.edu\/guerguerianarchive\/wp-json\/wp\/v2\/users\/894"}],"replies":[{"embeddable":true,"href":"https:\/\/wordpress.test.clarku.edu\/guerguerianarchive\/wp-json\/wp\/v2\/comments?post=1275"}],"version-history":[{"count":22,"href":"https:\/\/wordpress.test.clarku.edu\/guerguerianarchive\/wp-json\/wp\/v2\/pages\/1275\/revisions"}],"predecessor-version":[{"id":2895,"href":"https:\/\/wordpress.test.clarku.edu\/guerguerianarchive\/wp-json\/wp\/v2\/pages\/1275\/revisions\/2895"}],"wp:attachment":[{"href":"https:\/\/wordpress.test.clarku.edu\/guerguerianarchive\/wp-json\/wp\/v2\/media?parent=1275"}],"curies":[{"name":"wp","href":"https:\/\/api.w.org\/{rel}","templated":true}]}}