{"id":1265,"date":"2018-01-29T09:30:37","date_gmt":"2018-01-29T14:30:37","guid":{"rendered":"https:\/\/wordpress.clarku.edu\/guerguerianarchive\/?page_id=1265"},"modified":"2018-11-05T11:18:19","modified_gmt":"2018-11-05T16:18:19","slug":"arsiv-i-osmanlica-belgeler","status":"publish","type":"page","link":"https:\/\/wordpress.test.clarku.edu\/guerguerianarchive\/tr\/arsiv-i-osmanlica-belgeler\/","title":{"rendered":"Ar\u015fiv I: Osmanl\u0131ca Belgeler"},"content":{"rendered":"<p><img loading=\"lazy\" decoding=\"async\" class=\"alignleft wp-image-1059 size-medium\" src=\"https:\/\/wordpress.test.clarku.edu\/wp-content\/uploads\/sites\/517\/2017\/10\/muhtelif-resized-217x300.jpg\" alt=\"\" width=\"217\" height=\"300\" srcset=\"https:\/\/wordpress.test.clarku.edu\/guerguerianarchive\/wp-content\/uploads\/sites\/517\/2017\/10\/muhtelif-resized-217x300.jpg 217w, https:\/\/wordpress.test.clarku.edu\/guerguerianarchive\/wp-content\/uploads\/sites\/517\/2017\/10\/muhtelif-resized.jpg 416w\" sizes=\"auto, (max-width: 217px) 100vw, 217px\" \/>Bu ar\u015fiv, sadece Osmanl\u0131ca malzemelerden olu\u015fmaktad\u0131r. B\u00fcy\u00fck \u00e7o\u011funlu\u011fu 1919-1921 \u0130stanbul \u0130ttihat ve Terakki Yarg\u0131lanmalar\u0131na aittir. Ayr\u0131ca, Andonian taraf\u0131ndan Boghos Nubar K\u00fct\u00fcphanesine teslim edilmi\u015f Naim Efendi Hat\u0131rat\u0131&nbsp; da bu belgeler aras\u0131ndad\u0131r.&nbsp;<\/p>\n<p><a href=\"http:\/\/commons.clarku.edu\/ottoman_materials\/\" target=\"_blank\" rel=\"noopener\">Dijital ortama aktar\u0131lm\u0131\u015f dok\u00fcmanlar Digital Commons ortam\u0131ndad\u0131r. Belgeler aras\u0131nda gezinmek i\u00e7in buray\u0131 t\u0131klay\u0131n.<\/a><\/p>\n<p>Okumak istedi\u011finiz belgeleri en iyi aramak ve bulmak i\u00e7in, l\u00fctfen a\u015fa\u011f\u0131daki Excel Dizinlerini kullan\u0131n.<\/p>\n<div style=\"clear: both;\">\n<hr class=\"hidden-rule-line\" style=\"border-top: 3px solid red;\">\n<ul>\n<li><a href=\"https:\/\/wordpress.test.clarku.edu\/wp-content\/uploads\/sites\/517\/2018\/11\/00-01-A-Guergerian_Archive-I-Ottoman_Documents_INDEX-ENGLISH.xlsx\">Excel Endeksini \u0130ngilizce olarak indirmek i\u00e7in buraya t\u0131klay\u0131n<\/a><\/li>\n<li><a href=\"https:\/\/wordpress.test.clarku.edu\/wp-content\/uploads\/sites\/517\/2018\/01\/00-01-B-Guergerian_Arsivi_Osmanlica_Belgeler_INDEX-TURKCE.xlsx\">Excel Endeksini T\u00fcrk\u00e7e olarak indirmek i\u00e7in buraya t\u0131klay\u0131n<\/a><\/li>\n<\/ul>\n<hr class=\"hidden-rule-line\" style=\"border-top: 3px solid red;\">\n<\/div>\n","protected":false},"excerpt":{"rendered":"<p>Bu ar\u015fiv, sadece Osmanl\u0131ca malzemelerden olu\u015fmaktad\u0131r. B\u00fcy\u00fck \u00e7o\u011funlu\u011fu 1919-1921 \u0130stanbul \u0130ttihat ve Terakki Yarg\u0131lanmalar\u0131na aittir. Ayr\u0131ca, Andonian taraf\u0131ndan Boghos Nubar K\u00fct\u00fcphanesine teslim edilmi\u015f Naim Efendi Hat\u0131rat\u0131&nbsp; da bu belgeler aras\u0131ndad\u0131r.&nbsp; &hellip; <a href=\"https:\/\/wordpress.test.clarku.edu\/guerguerianarchive\/tr\/arsiv-i-osmanlica-belgeler\/\" class=\"more-link\">Continue reading <span class=\"screen-reader-text\">Ar\u015fiv I: Osmanl\u0131ca Belgeler<\/span><\/a><\/p>\n","protected":false},"author":894,"featured_media":0,"parent":0,"menu_order":0,"comment_status":"closed","ping_status":"closed","template":"","meta":{"ngg_post_thumbnail":0,"footnotes":""},"class_list":["post-1265","page","type-page","status-publish","hentry"],"_links":{"self":[{"href":"https:\/\/wordpress.test.clarku.edu\/guerguerianarchive\/wp-json\/wp\/v2\/pages\/1265","targetHints":{"allow":["GET"]}}],"collection":[{"href":"https:\/\/wordpress.test.clarku.edu\/guerguerianarchive\/wp-json\/wp\/v2\/pages"}],"about":[{"href":"https:\/\/wordpress.test.clarku.edu\/guerguerianarchive\/wp-json\/wp\/v2\/types\/page"}],"author":[{"embeddable":true,"href":"https:\/\/wordpress.test.clarku.edu\/guerguerianarchive\/wp-json\/wp\/v2\/users\/894"}],"replies":[{"embeddable":true,"href":"https:\/\/wordpress.test.clarku.edu\/guerguerianarchive\/wp-json\/wp\/v2\/comments?post=1265"}],"version-history":[{"count":16,"href":"https:\/\/wordpress.test.clarku.edu\/guerguerianarchive\/wp-json\/wp\/v2\/pages\/1265\/revisions"}],"predecessor-version":[{"id":2746,"href":"https:\/\/wordpress.test.clarku.edu\/guerguerianarchive\/wp-json\/wp\/v2\/pages\/1265\/revisions\/2746"}],"wp:attachment":[{"href":"https:\/\/wordpress.test.clarku.edu\/guerguerianarchive\/wp-json\/wp\/v2\/media?parent=1265"}],"curies":[{"name":"wp","href":"https:\/\/api.w.org\/{rel}","templated":true}]}}