{"id":1181,"date":"2018-01-10T11:56:08","date_gmt":"2018-01-10T16:56:08","guid":{"rendered":"https:\/\/wordpress.clarku.edu\/guerguerianarchive\/?page_id=1181"},"modified":"2018-11-28T13:09:24","modified_gmt":"2018-11-28T18:09:24","slug":"team","status":"publish","type":"page","link":"https:\/\/wordpress.test.clarku.edu\/guerguerianarchive\/team\/","title":{"rendered":"Team"},"content":{"rendered":"<p>The following individuals are contributors to The Krikor Guerguerian Project, managed by Prof. Taner Ak\u00e7am.<\/p>\n<p>Index preparation and cataloging: Ani Ohanian, Anna Aleksanyan, Bur\u00e7in Ger\u00e7ek, Emre Can Da\u011fl\u0131o\u011flu, Nazl\u0131 Temir Beyleryan, Sevan Deirmendjian,&nbsp; Tabita Toparlak, Dr. \u00dcmit Kurt<\/p>\n<p>English translations: Fatima Sakarya and Paul Bessemer<\/p>\n","protected":false},"excerpt":{"rendered":"<p>The following individuals are contributors to The Krikor Guerguerian Project, managed by Prof. Taner Ak\u00e7am. Index preparation and cataloging: Ani Ohanian, Anna Aleksanyan, Bur\u00e7in Ger\u00e7ek, Emre Can Da\u011fl\u0131o\u011flu, Nazl\u0131 Temir &hellip; <a href=\"https:\/\/wordpress.test.clarku.edu\/guerguerianarchive\/team\/\" class=\"more-link\">Continue reading <span class=\"screen-reader-text\">Team<\/span><\/a><\/p>\n","protected":false},"author":894,"featured_media":0,"parent":0,"menu_order":0,"comment_status":"closed","ping_status":"closed","template":"","meta":{"ngg_post_thumbnail":0,"footnotes":""},"class_list":["post-1181","page","type-page","status-publish","hentry"],"_links":{"self":[{"href":"https:\/\/wordpress.test.clarku.edu\/guerguerianarchive\/wp-json\/wp\/v2\/pages\/1181","targetHints":{"allow":["GET"]}}],"collection":[{"href":"https:\/\/wordpress.test.clarku.edu\/guerguerianarchive\/wp-json\/wp\/v2\/pages"}],"about":[{"href":"https:\/\/wordpress.test.clarku.edu\/guerguerianarchive\/wp-json\/wp\/v2\/types\/page"}],"author":[{"embeddable":true,"href":"https:\/\/wordpress.test.clarku.edu\/guerguerianarchive\/wp-json\/wp\/v2\/users\/894"}],"replies":[{"embeddable":true,"href":"https:\/\/wordpress.test.clarku.edu\/guerguerianarchive\/wp-json\/wp\/v2\/comments?post=1181"}],"version-history":[{"count":8,"href":"https:\/\/wordpress.test.clarku.edu\/guerguerianarchive\/wp-json\/wp\/v2\/pages\/1181\/revisions"}],"predecessor-version":[{"id":2799,"href":"https:\/\/wordpress.test.clarku.edu\/guerguerianarchive\/wp-json\/wp\/v2\/pages\/1181\/revisions\/2799"}],"wp:attachment":[{"href":"https:\/\/wordpress.test.clarku.edu\/guerguerianarchive\/wp-json\/wp\/v2\/media?parent=1181"}],"curies":[{"name":"wp","href":"https:\/\/api.w.org\/{rel}","templated":true}]}}